{"id":42,"date":"2024-08-19T10:14:46","date_gmt":"2024-08-19T10:14:46","guid":{"rendered":"https:\/\/hisakkonferencija.com\/eng\/organisational-committee\/"},"modified":"2024-08-19T11:17:11","modified_gmt":"2024-08-19T11:17:11","slug":"organisational-committee","status":"publish","type":"page","link":"https:\/\/hisakkonferencija.com\/eng\/organisational-committee\/","title":{"rendered":"Organisational committee"},"content":{"rendered":"\n    \n    <section class=\"u-align-center u-clearfix u-grey-10 u-section-2\" id=\"carousel_d99a\">\n      \n      \n      \n      \n      \n      \n      \n      \n      \n      \n      \n      \n      \n      \n      \n      \n      \n      \n      \n      \n      \n      \n      \n      <div class=\"u-clearfix u-sheet u-valign-middle u-sheet-1\">\n        <h2 class=\"u-align-center u-text u-text-default u-text-palette-2-base u-text-1\" data-animation-name=\"flipIn\" data-animation-duration=\"1500\" data-animation-delay=\"500\" data-animation-direction=\"X\">Organisational committee <\/h2>\n        <p class=\"u-align-center u-text u-text-2\" data-animation-name=\"customAnimationIn\" data-animation-duration=\"1500\" data-animation-delay=\"250\">The organizing committee for the organization and implementation of the international scientific and professional conference of the Schools of Croatian Language and Culture in Overseas Countries in celebration of the 50th anniversary of the establishment of Croatian Schools Abroad in America and Canada (HI\u0160AK-CSAC) in 2024. <\/p>\n        <div class=\"u-expanded-width u-list u-list-1\">\n          <div class=\"u-repeater u-repeater-1\">\n            <div class=\"u-align-center u-container-style u-list-item u-repeater-item u-shape-round u-white u-list-item-1\" data-animation-name=\"customAnimationIn\" data-animation-duration=\"1500\" data-animation-delay=\"500\">\n              <div class=\"u-container-layout u-similar-container u-valign-top u-container-layout-1\">\n                <img decoding=\"async\" class=\"u-expanded-width u-hover-feature u-image u-image-1\" src=\"https:\/\/hisakkonferencija.com\/eng\/wp-content\/uploads\/2024\/08\/Marina_Peric_Kaselj2.jpg\" data-image-width=\"512\" data-image-height=\"512\">\n                <h6 class=\"u-align-center u-hover-feature u-text u-text-default u-text-3\">prof. Marina Peri\u0107 Kaselj PhD.<br>Institute for migration research \n                <\/h6>\n              <\/div>\n            <\/div>\n            <div class=\"u-align-center u-container-style u-list-item u-repeater-item u-shape-round u-white u-list-item-2\" data-animation-name=\"customAnimationIn\" data-animation-duration=\"1500\" data-animation-delay=\"500\">\n              <div class=\"u-container-layout u-similar-container u-valign-top u-container-layout-2\">\n                <img decoding=\"async\" class=\"u-expanded-width u-hover-feature u-image u-image-2\" src=\"https:\/\/hisakkonferencija.com\/eng\/wp-content\/uploads\/2024\/08\/tepes.jfif\" data-image-width=\"269\" data-image-height=\"234\">\n                <h6 class=\"u-align-center u-hover-feature u-text u-text-default u-text-4\">Dr. Ivan Tepe\u0161, Phd<br>croatian heritage foundation<br>\n                <\/h6>\n              <\/div>\n            <\/div>\n            <div class=\"u-align-center u-container-style u-list-item u-repeater-item u-shape-round u-white u-list-item-3\" data-animation-name=\"customAnimationIn\" data-animation-duration=\"1500\" data-animation-delay=\"500\">\n              <div class=\"u-container-layout u-similar-container u-valign-top u-container-layout-3\">\n                <img decoding=\"async\" class=\"u-expanded-width u-hover-feature u-image u-image-3\" src=\"https:\/\/hisakkonferencija.com\/eng\/wp-content\/uploads\/2024\/08\/renata.jpg\" data-image-width=\"656\" data-image-height=\"686\">\n                <h6 class=\"u-align-center u-hover-feature u-text u-text-default u-text-5\"> dr. Renata Burai, Phd&nbsp;<br>Academy of Fine Arts, SuZg\n                <\/h6>\n              <\/div>\n            <\/div>\n            <div class=\"u-align-center u-container-style u-list-item u-repeater-item u-shape-round u-white u-list-item-4\" data-animation-name=\"customAnimationIn\" data-animation-duration=\"1500\" data-animation-delay=\"750\">\n              <div class=\"u-container-layout u-similar-container u-valign-top u-container-layout-4\">\n                <img decoding=\"async\" class=\"u-expanded-width u-hover-feature u-image u-image-4\" src=\"https:\/\/hisakkonferencija.com\/eng\/wp-content\/uploads\/2024\/08\/Skenzic2-1.webp\" data-image-width=\"512\" data-image-height=\"768\">\n                <h6 class=\"u-align-center u-hover-feature u-text u-text-default u-text-6\"> Sta\u0161a Sken\u017ei\u0107 <br>Ministry for science education and youth<br>\n                  <br>\n                <\/h6>\n              <\/div>\n            <\/div>\n            <div class=\"u-align-center u-container-style u-list-item u-repeater-item u-shape-round u-white u-list-item-5\" data-animation-name=\"customAnimationIn\" data-animation-duration=\"1500\" data-animation-delay=\"750\">\n              <div class=\"u-container-layout u-similar-container u-valign-top u-container-layout-5\">\n                <img decoding=\"async\" class=\"u-expanded-width u-hover-feature u-image u-image-5\" src=\"https:\/\/hisakkonferencija.com\/eng\/wp-content\/uploads\/2024\/08\/milan-1536x1024-1.jpg\" data-image-width=\"647\" data-image-height=\"672\">\n                <h6 class=\"u-align-center u-hover-feature u-text u-text-default u-text-7\">dr. Milan Bo\u0161njak, Phd <br>state office for Croats abroad, republic of croatia<br>\n                <\/h6>\n              <\/div>\n            <\/div>\n            <div class=\"u-align-center u-container-style u-list-item u-repeater-item u-shape-round u-white u-list-item-6\" data-animation-name=\"customAnimationIn\" data-animation-duration=\"1500\" data-animation-delay=\"750\">\n              <div class=\"u-container-layout u-similar-container u-valign-top u-container-layout-6\">\n                <img decoding=\"async\" class=\"u-expanded-width u-hover-feature u-image u-image-6\" src=\"https:\/\/hisakkonferencija.com\/eng\/wp-content\/uploads\/2024\/08\/amf.jpg\" data-image-width=\"551\" data-image-height=\"881\">\n                <h6 class=\"u-align-center u-hover-feature u-text u-text-default u-text-8\">Ana Marija Frkovi\u0107 <br>state office for Croats abroad, republic of croatia\n                <\/h6>\n              <\/div>\n            <\/div>\n            <div class=\"u-align-center u-container-style u-list-item u-repeater-item u-shape-round u-white u-list-item-7\" data-animation-name=\"customAnimationIn\" data-animation-duration=\"1500\" data-animation-delay=\"750\">\n              <div class=\"u-container-layout u-similar-container u-valign-top u-container-layout-7\">\n                <img decoding=\"async\" class=\"u-expanded-width u-hover-feature u-image u-image-7\" src=\"https:\/\/hisakkonferencija.com\/eng\/wp-content\/uploads\/2024\/08\/Marki-190305.jpg\" data-image-width=\"783\" data-image-height=\"663\">\n                <h6 class=\"u-align-center u-hover-feature u-text u-text-default u-text-9\">Dr. Tomislav Marki\u0107, phd Directorate for pastoral care of Croats abroad<\/h6>\n              <\/div>\n            <\/div>\n            <div class=\"u-align-center u-container-style u-list-item u-repeater-item u-shape-round u-white u-list-item-8\" data-animation-name=\"customAnimationIn\" data-animation-duration=\"1500\" data-animation-delay=\"750\">\n              <div class=\"u-container-layout u-similar-container u-valign-top u-container-layout-8\">\n                <img decoding=\"async\" class=\"u-expanded-width u-hover-feature u-image u-image-8\" src=\"https:\/\/hisakkonferencija.com\/eng\/wp-content\/uploads\/2024\/08\/GrubisicVinko1.jpg\" data-image-width=\"375\" data-image-height=\"250\">\n                <h6 class=\"u-align-center u-hover-feature u-text u-text-default u-text-10\">Prof. Vinko Grubi\u0161i\u0107, phd Kanada <\/h6>\n              <\/div>\n            <\/div>\n            <div class=\"u-align-center u-container-style u-list-item u-repeater-item u-shape-round u-white u-list-item-9\" data-animation-name=\"customAnimationIn\" data-animation-duration=\"1500\" data-animation-delay=\"750\">\n              <div class=\"u-container-layout u-similar-container u-valign-top u-container-layout-9\">\n                <img decoding=\"async\" class=\"u-expanded-width u-hover-feature u-image u-image-9\" src=\"https:\/\/hisakkonferencija.com\/eng\/wp-content\/uploads\/2024\/08\/jasna.jfif\" data-image-width=\"474\" data-image-height=\"474\">\n                <h6 class=\"u-align-center u-hover-feature u-text u-text-default u-text-11\">Dr.Jasna Novak Mili\u0107, phd&nbsp;<br>Macquarie universtiy australia \n                <\/h6>\n              <\/div>\n            <\/div>\n            <div class=\"u-align-center u-container-style u-list-item u-repeater-item u-shape-round u-white u-list-item-10\" data-animation-name=\"customAnimationIn\" data-animation-duration=\"1500\" data-animation-delay=\"750\">\n              <div class=\"u-container-layout u-similar-container u-valign-top u-container-layout-10\">\n                <img decoding=\"async\" class=\"u-expanded-width u-hover-feature u-image u-image-10\" src=\"https:\/\/hisakkonferencija.com\/eng\/wp-content\/uploads\/2024\/08\/0E35002D-EAAC-439D-9494-EAD7B81837CA_1_105_c.jpeg\" data-image-width=\"1024\" data-image-height=\"1024\">\n                <h6 class=\"u-align-center u-hover-feature u-text u-text-default u-text-12\">Dr. Vladimir Bubrin, phd Kanada <\/h6>\n              <\/div>\n            <\/div>\n            <div class=\"u-align-center u-container-style u-list-item u-repeater-item u-shape-round u-white u-list-item-11\" data-animation-name=\"customAnimationIn\" data-animation-duration=\"1500\" data-animation-delay=\"750\">\n              <div class=\"u-container-layout u-similar-container u-valign-top u-container-layout-11\">\n                <img decoding=\"async\" class=\"u-expanded-width u-hover-feature u-image u-image-11\" src=\"https:\/\/hisakkonferencija.com\/eng\/wp-content\/uploads\/2024\/08\/041.jpg\" data-image-width=\"2006\" data-image-height=\"1762\">\n                <h6 class=\"u-align-center u-hover-feature u-text u-text-default u-text-13\">Dr. Petar Bilobrk, phd SuZg\/IMIN <\/h6>\n              <\/div>\n            <\/div>\n            <div class=\"u-align-center u-container-style u-list-item u-repeater-item u-shape-round u-white u-list-item-12\" data-animation-name=\"customAnimationIn\" data-animation-duration=\"1500\" data-animation-delay=\"750\">\n              <div class=\"u-container-layout u-similar-container u-valign-top u-container-layout-12\">\n                <img decoding=\"async\" class=\"u-expanded-width u-hover-feature u-image u-image-12\" src=\"https:\/\/hisakkonferencija.com\/eng\/wp-content\/uploads\/2024\/08\/Matijas-Bakovic.jpg\" data-image-width=\"536\" data-image-height=\"678\">\n                <h6 class=\"u-align-center u-hover-feature u-text u-text-default u-text-14\">Dr. Matijas Bakovi\u0107, phd&nbsp;<br>institute for migration research \n                <\/h6>\n              <\/div>\n            <\/div>\n          <\/div>\n        <\/div>\n      <\/div>\n      \n      \n      \n      \n      \n      \n      \n      \n      \n      \n      \n      \n      \n      \n      \n      \n      \n      \n      \n      \n      \n      \n      \n      \n      \n      \n      \n      \n    <\/section>\n    <section class=\"u-clearfix u-grey-10 u-section-3\" id=\"sec-6686\">\n      <div class=\"u-clearfix u-sheet u-sheet-1\">\n        <div class=\"u-preserve-proportions u-shape u-shape-rectangle u-white u-shape-1\"><\/div>\n        <h6 class=\"u-align-center u-text u-text-1\">\n          <br>ESTERA \u0160IMI\u0106, PROF.<br>Ministry of science, education and youth<br>\n        <\/h6>\n      <\/div>\n    <\/section>\n    \n    \n    \n  \n","protected":false},"excerpt":{"rendered":"<p>Organisational committee The organizing committee for the organization and implementation of the international scientific and professional conference of the Schools of Croatian Language and Culture in Overseas Countries in celebration of the 50th anniversary of the establishment of Croatian Schools Abroad in America and Canada (HI\u0160AK-CSAC) in 2024. prof. Marina Peri\u0107 Kaselj PhD.Institute for migration &hellip; <a href=\"https:\/\/hisakkonferencija.com\/eng\/organisational-committee\/\" class=\"more-link\">Continue reading<span class=\"screen-reader-text\"> &#8220;Organisational committee&#8221;<\/span><\/a><\/p>\n","protected":false},"author":1,"featured_media":0,"parent":0,"menu_order":2,"comment_status":"closed","ping_status":"closed","template":"","meta":{"footnotes":""},"class_list":["post-42","page","type-page","status-publish","hentry"],"_links":{"self":[{"href":"https:\/\/hisakkonferencija.com\/eng\/wp-json\/wp\/v2\/pages\/42","targetHints":{"allow":["GET"]}}],"collection":[{"href":"https:\/\/hisakkonferencija.com\/eng\/wp-json\/wp\/v2\/pages"}],"about":[{"href":"https:\/\/hisakkonferencija.com\/eng\/wp-json\/wp\/v2\/types\/page"}],"author":[{"embeddable":true,"href":"https:\/\/hisakkonferencija.com\/eng\/wp-json\/wp\/v2\/users\/1"}],"replies":[{"embeddable":true,"href":"https:\/\/hisakkonferencija.com\/eng\/wp-json\/wp\/v2\/comments?post=42"}],"version-history":[{"count":6,"href":"https:\/\/hisakkonferencija.com\/eng\/wp-json\/wp\/v2\/pages\/42\/revisions"}],"predecessor-version":[{"id":122,"href":"https:\/\/hisakkonferencija.com\/eng\/wp-json\/wp\/v2\/pages\/42\/revisions\/122"}],"wp:attachment":[{"href":"https:\/\/hisakkonferencija.com\/eng\/wp-json\/wp\/v2\/media?parent=42"}],"curies":[{"name":"wp","href":"https:\/\/api.w.org\/{rel}","templated":true}]}}